{"id":4637,"date":"2023-11-22T10:10:03","date_gmt":"2023-11-22T09:10:03","guid":{"rendered":"https:\/\/hawkraft.dk\/villa-hawkraft\/"},"modified":"2024-06-06T12:20:01","modified_gmt":"2024-06-06T10:20:01","slug":"villa-hawkraft","status":"publish","type":"page","link":"https:\/\/hawkraft.dk\/de\/villa-hawkraft\/","title":{"rendered":"Villa Hawkraft"},"content":{"rendered":"\t\t<div data-elementor-type=\"wp-page\" data-elementor-id=\"4637\" class=\"elementor elementor-4637\" data-elementor-post-type=\"page\">\n\t\t\t\t<div class=\"elementor-element elementor-element-a7d6d74 e-con-full e-flex e-con e-parent\" data-id=\"a7d6d74\" data-element_type=\"container\" data-e-type=\"container\" data-settings=\"{&quot;background_background&quot;:&quot;classic&quot;}\">\n\t\t<div class=\"elementor-element elementor-element-093a7e3 e-con-full e-flex e-con e-child\" data-id=\"093a7e3\" data-element_type=\"container\" data-e-type=\"container\" data-settings=\"{&quot;motion_fx_motion_fx_scrolling&quot;:&quot;yes&quot;,&quot;motion_fx_translateY_effect&quot;:&quot;yes&quot;,&quot;motion_fx_translateY_speed&quot;:{&quot;unit&quot;:&quot;px&quot;,&quot;size&quot;:3,&quot;sizes&quot;:[]},&quot;motion_fx_devices&quot;:[&quot;desktop&quot;],&quot;motion_fx_translateY_affectedRange&quot;:{&quot;unit&quot;:&quot;%&quot;,&quot;size&quot;:&quot;&quot;,&quot;sizes&quot;:{&quot;start&quot;:0,&quot;end&quot;:100}}}\">\n\t\t\t\t<div class=\"elementor-element elementor-element-ee4bfe8 elementor-widget__width-initial elementor-widget elementor-widget-image\" data-id=\"ee4bfe8\" data-element_type=\"widget\" data-e-type=\"widget\" data-widget_type=\"image.default\">\n\t\t\t\t<div class=\"elementor-widget-container\">\n\t\t\t\t\t\t\t\t\t\t\t\t\t\t\t<img fetchpriority=\"high\" decoding=\"async\" width=\"800\" height=\"758\" src=\"https:\/\/hawkraft.dk\/wp-content\/uploads\/2023\/11\/villa-hawkraft-eventpensionat-1024x970.png\" class=\"attachment-large size-large wp-image-3772\" alt=\"\" srcset=\"https:\/\/hawkraft.dk\/wp-content\/uploads\/2023\/11\/villa-hawkraft-eventpensionat-1024x970.png 1024w, https:\/\/hawkraft.dk\/wp-content\/uploads\/2023\/11\/villa-hawkraft-eventpensionat-300x284.png 300w, https:\/\/hawkraft.dk\/wp-content\/uploads\/2023\/11\/villa-hawkraft-eventpensionat-768x728.png 768w, https:\/\/hawkraft.dk\/wp-content\/uploads\/2023\/11\/villa-hawkraft-eventpensionat-1536x1455.png 1536w, https:\/\/hawkraft.dk\/wp-content\/uploads\/2023\/11\/villa-hawkraft-eventpensionat.png 2000w\" sizes=\"(max-width: 800px) 100vw, 800px\" \/>\t\t\t\t\t\t\t\t\t\t\t\t\t\t\t<\/div>\n\t\t\t\t<\/div>\n\t\t\t\t<div class=\"elementor-element elementor-element-8d21bcd elementor-widget-tablet__width-initial elementor-widget elementor-widget-text-editor\" data-id=\"8d21bcd\" data-element_type=\"widget\" data-e-type=\"widget\" data-widget_type=\"text-editor.default\">\n\t\t\t\t<div class=\"elementor-widget-container\">\n\t\t\t\t\t\t\t\t\t<h3>Spa\u00df und Freude\u2026<\/h3>\n<p>Unsere G\u00e4ste verlieben sich sofort in die Villa und die gem\u00fctliche Atmosph\u00e4re hier&#8230;<\/p>\n<p>Geeignet f\u00fcr Hochzeitsfeiern und andere wunderbare gesellige Anl\u00e4sse.<\/p>\n\t\t\t\t\t\t\t\t<\/div>\n\t\t\t\t<\/div>\n\t\t\t\t<div class=\"elementor-element elementor-element-8e0f3bd animated-fast elementor-invisible elementor-widget elementor-widget-button\" data-id=\"8e0f3bd\" data-element_type=\"widget\" data-e-type=\"widget\" data-settings=\"{&quot;_animation&quot;:&quot;fadeInUp&quot;}\" data-widget_type=\"button.default\">\n\t\t\t\t<div class=\"elementor-widget-container\">\n\t\t\t\t\t\t\t\t\t<div class=\"elementor-button-wrapper\">\n\t\t\t\t\t<a class=\"elementor-button elementor-button-link elementor-size-sm\" href=\"https:\/\/www.facebook.com\/profile.php?id=100090314586280\" target=\"_blank\">\n\t\t\t\t\t\t<span class=\"elementor-button-content-wrapper\">\n\t\t\t\t\t\t<span class=\"elementor-button-icon\">\n\t\t\t\t<svg aria-hidden=\"true\" class=\"e-font-icon-svg e-fab-facebook\" viewBox=\"0 0 512 512\" xmlns=\"http:\/\/www.w3.org\/2000\/svg\"><path d=\"M504 256C504 119 393 8 256 8S8 119 8 256c0 123.78 90.69 226.38 209.25 245V327.69h-63V256h63v-54.64c0-62.15 37-96.48 93.67-96.48 27.14 0 55.52 4.84 55.52 4.84v61h-31.28c-30.8 0-40.41 19.12-40.41 38.73V256h68.78l-11 71.69h-57.78V501C413.31 482.38 504 379.78 504 256z\"><\/path><\/svg>\t\t\t<\/span>\n\t\t\t\t\t\t\t\t\t<span class=\"elementor-button-text\">Schauen Sie sich die Seite an<\/span>\n\t\t\t\t\t<\/span>\n\t\t\t\t\t<\/a>\n\t\t\t\t<\/div>\n\t\t\t\t\t\t\t\t<\/div>\n\t\t\t\t<\/div>\n\t\t\t\t<\/div>\n\t\t<div class=\"elementor-element elementor-element-4ab6089 e-con-full e-flex e-con e-child\" data-id=\"4ab6089\" data-element_type=\"container\" data-e-type=\"container\" data-settings=\"{&quot;background_background&quot;:&quot;classic&quot;}\">\n\t\t\t\t<\/div>\n\t\t\t\t<\/div>\n\t\t<div class=\"elementor-element elementor-element-a22647e e-con-full e-flex e-con e-parent\" data-id=\"a22647e\" data-element_type=\"container\" data-e-type=\"container\" data-settings=\"{&quot;background_background&quot;:&quot;gradient&quot;,&quot;animation&quot;:&quot;none&quot;}\">\n\t\t<div class=\"elementor-element elementor-element-ea53f18 e-con-full e-flex e-con e-child\" data-id=\"ea53f18\" data-element_type=\"container\" data-e-type=\"container\">\n\t\t\t\t<div class=\"elementor-element elementor-element-070c03f elementor-widget elementor-widget-heading\" data-id=\"070c03f\" data-element_type=\"widget\" data-e-type=\"widget\" data-widget_type=\"heading.default\">\n\t\t\t\t<div class=\"elementor-widget-container\">\n\t\t\t\t\t<h2 class=\"elementor-heading-title elementor-size-default\">Bilder von der Villa Hawkraft<\/h2>\t\t\t\t<\/div>\n\t\t\t\t<\/div>\n\t\t\t\t<div class=\"elementor-element elementor-element-20d0779 elementor-widget elementor-widget-gallery\" data-id=\"20d0779\" data-element_type=\"widget\" data-e-type=\"widget\" data-settings=\"{&quot;gallery_layout&quot;:&quot;masonry&quot;,&quot;columns&quot;:5,&quot;columns_mobile&quot;:2,&quot;columns_tablet&quot;:2,&quot;gap&quot;:{&quot;unit&quot;:&quot;px&quot;,&quot;size&quot;:10,&quot;sizes&quot;:[]},&quot;gap_tablet&quot;:{&quot;unit&quot;:&quot;px&quot;,&quot;size&quot;:10,&quot;sizes&quot;:[]},&quot;gap_mobile&quot;:{&quot;unit&quot;:&quot;px&quot;,&quot;size&quot;:10,&quot;sizes&quot;:[]},&quot;link_to&quot;:&quot;file&quot;,&quot;overlay_background&quot;:&quot;yes&quot;,&quot;content_hover_animation&quot;:&quot;fade-in&quot;}\" data-widget_type=\"gallery.default\">\n\t\t\t\t<div class=\"elementor-widget-container\">\n\t\t\t\t\t\t\t<div class=\"elementor-gallery__container\">\n\t\t\t\t\t\t\t<a class=\"e-gallery-item elementor-gallery-item elementor-animated-content\" href=\"https:\/\/hawkraft.dk\/wp-content\/uploads\/2024\/02\/IMG_2800-scaled.jpeg\" data-elementor-open-lightbox=\"yes\" data-elementor-lightbox-slideshow=\"20d0779\" data-e-action-hash=\"#elementor-action%3Aaction%3Dlightbox%26settings%3DeyJpZCI6Mzg5NCwidXJsIjoiaHR0cHM6XC9cL2hhd2tyYWZ0LmRrXC93cC1jb250ZW50XC91cGxvYWRzXC8yMDI0XC8wMlwvSU1HXzI4MDAtc2NhbGVkLmpwZWciLCJzbGlkZXNob3ciOiIyMGQwNzc5In0%3D\">\n\t\t\t\t\t<div class=\"e-gallery-image elementor-gallery-item__image\" data-thumbnail=\"https:\/\/hawkraft.dk\/wp-content\/uploads\/2024\/02\/IMG_2800-scaled.jpeg\" data-width=\"2560\" data-height=\"1920\" aria-label=\"\" role=\"img\" ><\/div>\n\t\t\t\t\t\t\t\t\t\t\t<div class=\"elementor-gallery-item__overlay\"><\/div>\n\t\t\t\t\t\t\t\t\t\t\t\t\t\t<\/a>\n\t\t\t\t\t\t\t<a class=\"e-gallery-item elementor-gallery-item elementor-animated-content\" href=\"https:\/\/hawkraft.dk\/wp-content\/uploads\/2024\/02\/IMG_2803-scaled.jpeg\" data-elementor-open-lightbox=\"yes\" data-elementor-lightbox-slideshow=\"20d0779\" data-e-action-hash=\"#elementor-action%3Aaction%3Dlightbox%26settings%3DeyJpZCI6Mzg5NiwidXJsIjoiaHR0cHM6XC9cL2hhd2tyYWZ0LmRrXC93cC1jb250ZW50XC91cGxvYWRzXC8yMDI0XC8wMlwvSU1HXzI4MDMtc2NhbGVkLmpwZWciLCJzbGlkZXNob3ciOiIyMGQwNzc5In0%3D\">\n\t\t\t\t\t<div class=\"e-gallery-image elementor-gallery-item__image\" data-thumbnail=\"https:\/\/hawkraft.dk\/wp-content\/uploads\/2024\/02\/IMG_2803-scaled.jpeg\" data-width=\"2560\" data-height=\"1920\" aria-label=\"\" role=\"img\" ><\/div>\n\t\t\t\t\t\t\t\t\t\t\t<div class=\"elementor-gallery-item__overlay\"><\/div>\n\t\t\t\t\t\t\t\t\t\t\t\t\t\t<\/a>\n\t\t\t\t\t<\/div>\n\t\t\t\t\t<\/div>\n\t\t\t\t<\/div>\n\t\t\t\t<\/div>\n\t\t\t\t<\/div>\n\t\t\t\t<\/div>\n\t\t","protected":false},"excerpt":{"rendered":"<p>Spa\u00df und Freude\u2026 Unsere G\u00e4ste verlieben sich sofort in die Villa und die gem\u00fctliche Atmosph\u00e4re hier&#8230; Geeignet f\u00fcr Hochzeitsfeiern und andere wunderbare gesellige Anl\u00e4sse. Schauen Sie sich die Seite an Bilder von der Villa Hawkraft<\/p>\n","protected":false},"author":3,"featured_media":0,"parent":0,"menu_order":0,"comment_status":"closed","ping_status":"closed","template":"","meta":{"_acf_changed":false,"_piecal_is_event":false,"_piecal_start_date":"","_piecal_end_date":"","_piecal_is_allday":false,"inline_featured_image":false,"footnotes":""},"class_list":["post-4637","page","type-page","status-publish","hentry"],"acf":[],"yoast_head":"<!-- This site is optimized with the Yoast SEO plugin v27.3 - https:\/\/yoast.com\/product\/yoast-seo-wordpress\/ -->\n<title>Villa Hawkraft - Hawkraft \u2013 Overnatning i Thy t\u00e6t p\u00e5 Nationalparken<\/title>\n<meta name=\"description\" content=\"Oplev unik overnatning i Thy hos Hawkraft Kulturhotel \u2013 sov i autentiske hospitalsrum og nyd en kulturel oplevelse midt i Nationalpark Thy.\" \/>\n<meta name=\"robots\" content=\"index, follow, max-snippet:-1, max-image-preview:large, max-video-preview:-1\" \/>\n<link rel=\"canonical\" href=\"https:\/\/hawkraft.dk\/villahawkraft\/\" \/>\n<meta property=\"og:locale\" content=\"de_DE\" \/>\n<meta property=\"og:type\" content=\"article\" \/>\n<meta property=\"og:title\" content=\"Villa Hawkraft - Hawkraft \u2013 Overnatning i Thy t\u00e6t p\u00e5 Nationalparken\" \/>\n<meta property=\"og:description\" content=\"Oplev unik overnatning i Thy hos Hawkraft Kulturhotel \u2013 sov i autentiske hospitalsrum og nyd en kulturel oplevelse midt i Nationalpark Thy.\" \/>\n<meta property=\"og:url\" content=\"https:\/\/hawkraft.dk\/villahawkraft\/\" \/>\n<meta property=\"og:site_name\" content=\"Hawkraft \u2013 Overnatning i Thy t\u00e6t p\u00e5 Nationalparken\" \/>\n<meta property=\"article:publisher\" content=\"https:\/\/www.facebook.com\/Vestervig\" \/>\n<meta property=\"article:modified_time\" content=\"2024-06-06T10:20:01+00:00\" \/>\n<meta property=\"og:image\" content=\"https:\/\/hawkraft.dk\/wp-content\/uploads\/2023\/11\/villa-hawkraft-eventpensionat-1024x970.png\" \/>\n<meta name=\"twitter:card\" content=\"summary_large_image\" \/>\n<script type=\"application\/ld+json\" class=\"yoast-schema-graph\">{\"@context\":\"https:\\\/\\\/schema.org\",\"@graph\":[{\"@type\":\"WebPage\",\"@id\":\"https:\\\/\\\/hawkraft.dk\\\/villahawkraft\\\/\",\"url\":\"https:\\\/\\\/hawkraft.dk\\\/villahawkraft\\\/\",\"name\":\"Villa Hawkraft - Hawkraft \u2013 Overnatning i Thy t\u00e6t p\u00e5 Nationalparken\",\"isPartOf\":{\"@id\":\"https:\\\/\\\/hawkraft.dk\\\/#website\"},\"primaryImageOfPage\":{\"@id\":\"https:\\\/\\\/hawkraft.dk\\\/villahawkraft\\\/#primaryimage\"},\"image\":{\"@id\":\"https:\\\/\\\/hawkraft.dk\\\/villahawkraft\\\/#primaryimage\"},\"thumbnailUrl\":\"https:\\\/\\\/hawkraft.dk\\\/wp-content\\\/uploads\\\/2023\\\/11\\\/villa-hawkraft-eventpensionat-1024x970.png\",\"datePublished\":\"2023-11-22T09:10:03+00:00\",\"dateModified\":\"2024-06-06T10:20:01+00:00\",\"description\":\"Oplev unik overnatning i Thy hos Hawkraft Kulturhotel \u2013 sov i autentiske hospitalsrum og nyd en kulturel oplevelse midt i Nationalpark Thy.\",\"breadcrumb\":{\"@id\":\"https:\\\/\\\/hawkraft.dk\\\/villahawkraft\\\/#breadcrumb\"},\"inLanguage\":\"de\",\"potentialAction\":[{\"@type\":\"ReadAction\",\"target\":[\"https:\\\/\\\/hawkraft.dk\\\/villahawkraft\\\/\"]}]},{\"@type\":\"ImageObject\",\"inLanguage\":\"de\",\"@id\":\"https:\\\/\\\/hawkraft.dk\\\/villahawkraft\\\/#primaryimage\",\"url\":\"https:\\\/\\\/hawkraft.dk\\\/wp-content\\\/uploads\\\/2023\\\/11\\\/villa-hawkraft-eventpensionat-1024x970.png\",\"contentUrl\":\"https:\\\/\\\/hawkraft.dk\\\/wp-content\\\/uploads\\\/2023\\\/11\\\/villa-hawkraft-eventpensionat-1024x970.png\"},{\"@type\":\"BreadcrumbList\",\"@id\":\"https:\\\/\\\/hawkraft.dk\\\/villahawkraft\\\/#breadcrumb\",\"itemListElement\":[{\"@type\":\"ListItem\",\"position\":1,\"name\":\"Hjem\",\"item\":\"https:\\\/\\\/hawkraft.dk\\\/de\\\/hawkraft-homepage\\\/\"},{\"@type\":\"ListItem\",\"position\":2,\"name\":\"Villa Hawkraft\"}]},{\"@type\":\"WebSite\",\"@id\":\"https:\\\/\\\/hawkraft.dk\\\/#website\",\"url\":\"https:\\\/\\\/hawkraft.dk\\\/\",\"name\":\"hawkraft.dk\",\"description\":\"Hawkraft Kulturhotel \u2013 Overnatning i Thy t\u00e6t p\u00e5 Nationalparken\",\"publisher\":{\"@id\":\"https:\\\/\\\/hawkraft.dk\\\/#organization\"},\"alternateName\":\"Hawkraft Kulturhotel \u2013 Overnatning i Thy t\u00e6t p\u00e5 Nationalparken\",\"potentialAction\":[{\"@type\":\"SearchAction\",\"target\":{\"@type\":\"EntryPoint\",\"urlTemplate\":\"https:\\\/\\\/hawkraft.dk\\\/?s={search_term_string}\"},\"query-input\":{\"@type\":\"PropertyValueSpecification\",\"valueRequired\":true,\"valueName\":\"search_term_string\"}}],\"inLanguage\":\"de\"},{\"@type\":\"Organization\",\"@id\":\"https:\\\/\\\/hawkraft.dk\\\/#organization\",\"name\":\"hawkraft Kulturhotel\",\"alternateName\":\"Hawkraft Kulturhotel \u2013 Overnatning i Thy t\u00e6t p\u00e5 Nationalparken\",\"url\":\"https:\\\/\\\/hawkraft.dk\\\/\",\"logo\":{\"@type\":\"ImageObject\",\"inLanguage\":\"de\",\"@id\":\"https:\\\/\\\/hawkraft.dk\\\/#\\\/schema\\\/logo\\\/image\\\/\",\"url\":\"https:\\\/\\\/hawkraft.dk\\\/wp-content\\\/uploads\\\/2023\\\/11\\\/hawkraft-naturhotel-logo.png\",\"contentUrl\":\"https:\\\/\\\/hawkraft.dk\\\/wp-content\\\/uploads\\\/2023\\\/11\\\/hawkraft-naturhotel-logo.png\",\"width\":2000,\"height\":1895,\"caption\":\"hawkraft Kulturhotel\"},\"image\":{\"@id\":\"https:\\\/\\\/hawkraft.dk\\\/#\\\/schema\\\/logo\\\/image\\\/\"},\"sameAs\":[\"https:\\\/\\\/www.facebook.com\\\/Vestervig\"]}]}<\/script>\n<!-- \/ Yoast SEO plugin. -->","yoast_head_json":{"title":"Villa Hawkraft - Hawkraft \u2013 Overnatning i Thy t\u00e6t p\u00e5 Nationalparken","description":"Oplev unik overnatning i Thy hos Hawkraft Kulturhotel \u2013 sov i autentiske hospitalsrum og nyd en kulturel oplevelse midt i Nationalpark Thy.","robots":{"index":"index","follow":"follow","max-snippet":"max-snippet:-1","max-image-preview":"max-image-preview:large","max-video-preview":"max-video-preview:-1"},"canonical":"https:\/\/hawkraft.dk\/villahawkraft\/","og_locale":"de_DE","og_type":"article","og_title":"Villa Hawkraft - Hawkraft \u2013 Overnatning i Thy t\u00e6t p\u00e5 Nationalparken","og_description":"Oplev unik overnatning i Thy hos Hawkraft Kulturhotel \u2013 sov i autentiske hospitalsrum og nyd en kulturel oplevelse midt i Nationalpark Thy.","og_url":"https:\/\/hawkraft.dk\/villahawkraft\/","og_site_name":"Hawkraft \u2013 Overnatning i Thy t\u00e6t p\u00e5 Nationalparken","article_publisher":"https:\/\/www.facebook.com\/Vestervig","article_modified_time":"2024-06-06T10:20:01+00:00","og_image":[{"url":"https:\/\/hawkraft.dk\/wp-content\/uploads\/2023\/11\/villa-hawkraft-eventpensionat-1024x970.png","type":"","width":"","height":""}],"twitter_card":"summary_large_image","schema":{"@context":"https:\/\/schema.org","@graph":[{"@type":"WebPage","@id":"https:\/\/hawkraft.dk\/villahawkraft\/","url":"https:\/\/hawkraft.dk\/villahawkraft\/","name":"Villa Hawkraft - Hawkraft \u2013 Overnatning i Thy t\u00e6t p\u00e5 Nationalparken","isPartOf":{"@id":"https:\/\/hawkraft.dk\/#website"},"primaryImageOfPage":{"@id":"https:\/\/hawkraft.dk\/villahawkraft\/#primaryimage"},"image":{"@id":"https:\/\/hawkraft.dk\/villahawkraft\/#primaryimage"},"thumbnailUrl":"https:\/\/hawkraft.dk\/wp-content\/uploads\/2023\/11\/villa-hawkraft-eventpensionat-1024x970.png","datePublished":"2023-11-22T09:10:03+00:00","dateModified":"2024-06-06T10:20:01+00:00","description":"Oplev unik overnatning i Thy hos Hawkraft Kulturhotel \u2013 sov i autentiske hospitalsrum og nyd en kulturel oplevelse midt i Nationalpark Thy.","breadcrumb":{"@id":"https:\/\/hawkraft.dk\/villahawkraft\/#breadcrumb"},"inLanguage":"de","potentialAction":[{"@type":"ReadAction","target":["https:\/\/hawkraft.dk\/villahawkraft\/"]}]},{"@type":"ImageObject","inLanguage":"de","@id":"https:\/\/hawkraft.dk\/villahawkraft\/#primaryimage","url":"https:\/\/hawkraft.dk\/wp-content\/uploads\/2023\/11\/villa-hawkraft-eventpensionat-1024x970.png","contentUrl":"https:\/\/hawkraft.dk\/wp-content\/uploads\/2023\/11\/villa-hawkraft-eventpensionat-1024x970.png"},{"@type":"BreadcrumbList","@id":"https:\/\/hawkraft.dk\/villahawkraft\/#breadcrumb","itemListElement":[{"@type":"ListItem","position":1,"name":"Hjem","item":"https:\/\/hawkraft.dk\/de\/hawkraft-homepage\/"},{"@type":"ListItem","position":2,"name":"Villa Hawkraft"}]},{"@type":"WebSite","@id":"https:\/\/hawkraft.dk\/#website","url":"https:\/\/hawkraft.dk\/","name":"hawkraft.dk","description":"Hawkraft Kulturhotel \u2013 Overnatning i Thy t\u00e6t p\u00e5 Nationalparken","publisher":{"@id":"https:\/\/hawkraft.dk\/#organization"},"alternateName":"Hawkraft Kulturhotel \u2013 Overnatning i Thy t\u00e6t p\u00e5 Nationalparken","potentialAction":[{"@type":"SearchAction","target":{"@type":"EntryPoint","urlTemplate":"https:\/\/hawkraft.dk\/?s={search_term_string}"},"query-input":{"@type":"PropertyValueSpecification","valueRequired":true,"valueName":"search_term_string"}}],"inLanguage":"de"},{"@type":"Organization","@id":"https:\/\/hawkraft.dk\/#organization","name":"hawkraft Kulturhotel","alternateName":"Hawkraft Kulturhotel \u2013 Overnatning i Thy t\u00e6t p\u00e5 Nationalparken","url":"https:\/\/hawkraft.dk\/","logo":{"@type":"ImageObject","inLanguage":"de","@id":"https:\/\/hawkraft.dk\/#\/schema\/logo\/image\/","url":"https:\/\/hawkraft.dk\/wp-content\/uploads\/2023\/11\/hawkraft-naturhotel-logo.png","contentUrl":"https:\/\/hawkraft.dk\/wp-content\/uploads\/2023\/11\/hawkraft-naturhotel-logo.png","width":2000,"height":1895,"caption":"hawkraft Kulturhotel"},"image":{"@id":"https:\/\/hawkraft.dk\/#\/schema\/logo\/image\/"},"sameAs":["https:\/\/www.facebook.com\/Vestervig"]}]}},"_links":{"self":[{"href":"https:\/\/hawkraft.dk\/de\/wp-json\/wp\/v2\/pages\/4637","targetHints":{"allow":["GET"]}}],"collection":[{"href":"https:\/\/hawkraft.dk\/de\/wp-json\/wp\/v2\/pages"}],"about":[{"href":"https:\/\/hawkraft.dk\/de\/wp-json\/wp\/v2\/types\/page"}],"author":[{"embeddable":true,"href":"https:\/\/hawkraft.dk\/de\/wp-json\/wp\/v2\/users\/3"}],"replies":[{"embeddable":true,"href":"https:\/\/hawkraft.dk\/de\/wp-json\/wp\/v2\/comments?post=4637"}],"version-history":[{"count":4,"href":"https:\/\/hawkraft.dk\/de\/wp-json\/wp\/v2\/pages\/4637\/revisions"}],"predecessor-version":[{"id":5464,"href":"https:\/\/hawkraft.dk\/de\/wp-json\/wp\/v2\/pages\/4637\/revisions\/5464"}],"wp:attachment":[{"href":"https:\/\/hawkraft.dk\/de\/wp-json\/wp\/v2\/media?parent=4637"}],"curies":[{"name":"wp","href":"https:\/\/api.w.org\/{rel}","templated":true}]}}