{"id":6303,"date":"2024-06-19T16:02:07","date_gmt":"2024-06-19T14:02:07","guid":{"rendered":"https:\/\/hawkraft.dk\/verkaufsbedingungen-freunde-von-hawkkraften\/"},"modified":"2024-10-16T13:42:29","modified_gmt":"2024-10-16T11:42:29","slug":"verkaufsbedingungen-freunde-von-hawkkraften","status":"publish","type":"page","link":"https:\/\/hawkraft.dk\/de\/verkaufsbedingungen-freunde-von-hawkkraften\/","title":{"rendered":"Verkaufsbedingungen Freunde von Hawkkraften"},"content":{"rendered":"\t\t<div data-elementor-type=\"wp-page\" data-elementor-id=\"6303\" class=\"elementor elementor-6303 elementor-5650\" data-elementor-post-type=\"page\">\n\t\t\t\t<div class=\"elementor-element elementor-element-9208612 e-flex e-con-boxed e-con e-parent\" data-id=\"9208612\" data-element_type=\"container\" data-e-type=\"container\">\n\t\t\t\t\t<div class=\"e-con-inner\">\n\t\t\t\t<div class=\"elementor-element elementor-element-688c55a elementor-widget elementor-widget-text-editor\" data-id=\"688c55a\" data-element_type=\"widget\" data-e-type=\"widget\" data-widget_type=\"text-editor.default\">\n\t\t\t\t<div class=\"elementor-widget-container\">\n\t\t\t\t\t\t\t\t\t<h2>Bedingungen f\u00fcr den Handel \u00fcber Hawkraft.dk<\/h2>\n<\/p>\n<p><strong>Die Rolle von Hawkraft ApS<\/strong><\/p>\n<p>Rolle von Hawkraft ApS in Bezug auf \u00dcber diese Website get\u00e4tigte Transaktionen gelten als Rechnungsdienstleistungen.<\/p>\n<\/p>\n<p><strong>Preise<\/strong><\/p>\n<p>Bei Hawkraft ApS behalten wir uns das Recht auf etwaige Fehler bei den angegebenen Preisen vor. Dar\u00fcber hinaus behalten wir uns das Recht vor, die Preise ohne vorherige Zustimmung zu \u00e4ndern. <\/p>\n<p>Die f\u00fcr die einzelnen Vereine angegebenen Preise f\u00fcr Mitgliedschaften, Teams und \u00c4hnliches werden von den einzelnen Vereinen (Musik- og Kulturforeningen Hawkraftens Venner) festgelegt und verwaltet. Hawkraft ApS \u00fcbernimmt daher keine Verantwortung f\u00fcr diese Preise und verweist auf die einzelnen Verb\u00e4nde. <\/p>\n<\/p>\n<p><strong>Zahlung<\/strong><\/p>\n<p>Hawkraft ApS akzeptiert Zahlungen mit MobilePay im Namen der Verb\u00e4nde (Musik- und Kulturforeningen Hawkraftens Venner).<\/p>\n<p>Da die Vereine keine physischen Waren verkaufen, sondern nur Mitgliedschaften, die sofort nach Zahlungseingang wirksam werden, wird der Betrag sofort abgezogen.<\/p>\n<p>Alle Betr\u00e4ge sind in d\u00e4nischen Kronen (DKK) angegeben und enthalten die Mehrwertsteuer, sofern nicht ausdr\u00fccklich anders angegeben.<\/p>\n<\/p>\n<p><strong>Widerrufsrecht<\/strong><\/p>\n<p>Eine m\u00f6gliche Antr\u00e4ge auf Aus\u00fcbung des Widerrufsrechts sind direkt an den Verein zu richten, mit dem das Gesch\u00e4ft abgeschlossen wurde. <\/p>\n<\/p>\n<p><strong>Beschwerde<\/strong><\/p>\n<p>Ein evtl Beschwerden sind direkt an den Verein zu richten, mit dem das Gesch\u00e4ft abgeschlossen wurde.<\/p>\n<\/p>\n<p><strong>Erstattung<\/strong><\/p>\n<p>Ein evtl Die Erstattung erfolgt direkt durch den Verein, bei dem die Mitgliedschaft abgeschlossen wurde.<\/p>\n<\/p>\n<p><strong>Beschwerde<\/strong><\/p>\n<p>Ein evtl Beschwerden sind direkt an den Verein zu richten, mit dem das Gesch\u00e4ft abgeschlossen wurde.<\/p>\n<p>Gem\u00e4\u00df den gesetzlichen Bestimmungen k\u00f6nnen Sie sich auch \u00fcber den folgenden Link an die Online-Streitbeilegung der EU wenden:<br \/><a href=\"http:\/\/ec.europa.eu\/consumers\/odr\/\">ec.europa.eu\/consumers\/odr\/<\/a><\/p>\n<p>Erstellung und Schutz personenbezogener Daten<\/p>\n<p>Hawkraft ApS h\u00e4lt sich an das Gesetz \u00fcber personenbezogene Daten und die Verordnung \u00fcber personenbezogene Daten. Auf die <a href=\"https:\/\/hawkraft.dk\/de\/datenschutzrichtlinie\/\">Datenschutzerkl\u00e4rung<\/a> wird ebenfalls verwiesen. <\/p>\n<\/p>\n<p><strong>Haftungsbeschr\u00e4nkung<\/strong><\/p>\n<p>Hawkraft ApS kann gegen\u00fcber einer Vereinigung oder Einzelperson niemals in einer H\u00f6he haftbar gemacht werden, die den gesamten Handel zwischen Hawkraft ApS und der Einzelperson innerhalb der letzten 12 Monate \u00fcbersteigt.<\/p>\n<\/p>\n<p><strong>Herausgeber<\/strong><\/p>\n<p>Die Website ist Eigentum und wird ver\u00f6ffentlicht von:<br \/>HAWKRAFT ApS<br \/>Vestergade 56<br \/>7770 Vestervig<br \/>CVR-Nr.: 42655325<br \/>Website: <a href=\"https:\/\/hawkraft.dk\/de\/\">https:\/\/hawkraft.dk<\/a><br \/>E-Mail: info@hawkraft.dk<br \/>Telefonnummer: +45 12 34 45 56<\/p>\n\t\t\t\t\t\t\t\t<\/div>\n\t\t\t\t<\/div>\n\t\t\t\t\t<\/div>\n\t\t\t\t<\/div>\n\t\t\t\t<\/div>\n\t\t","protected":false},"excerpt":{"rendered":"<p>Bedingungen f\u00fcr den Handel \u00fcber Hawkraft.dk Die Rolle von Hawkraft ApS Rolle von Hawkraft ApS in Bezug auf \u00dcber diese Website get\u00e4tigte Transaktionen gelten als Rechnungsdienstleistungen. Preise Bei Hawkraft ApS behalten wir uns das Recht auf etwaige Fehler bei den angegebenen Preisen vor. Dar\u00fcber hinaus behalten wir uns das Recht vor, die Preise ohne vorherige [&hellip;]<\/p>\n","protected":false},"author":2,"featured_media":0,"parent":0,"menu_order":0,"comment_status":"closed","ping_status":"closed","template":"","meta":{"_acf_changed":false,"_piecal_is_event":false,"_piecal_start_date":"","_piecal_end_date":"","_piecal_is_allday":false,"inline_featured_image":false,"footnotes":""},"class_list":["post-6303","page","type-page","status-publish","hentry"],"acf":[],"yoast_head":"<!-- This site is optimized with the Yoast SEO plugin v27.3 - https:\/\/yoast.com\/product\/yoast-seo-wordpress\/ -->\n<title>Verkaufsbedingungen Freunde von Hawkkraften - Hawkraft \u2013 Overnatning i Thy t\u00e6t p\u00e5 Nationalparken<\/title>\n<meta name=\"description\" content=\"Oplev unik overnatning i Thy hos Hawkraft Kulturhotel \u2013 sov i autentiske hospitalsrum og nyd en kulturel oplevelse midt i Nationalpark Thy.\" \/>\n<meta name=\"robots\" content=\"index, follow, max-snippet:-1, max-image-preview:large, max-video-preview:-1\" \/>\n<link rel=\"canonical\" href=\"https:\/\/hawkraft.dk\/salgsbetingelser-hawkraftens-venner\/\" \/>\n<meta property=\"og:locale\" content=\"de_DE\" \/>\n<meta property=\"og:type\" content=\"article\" \/>\n<meta property=\"og:title\" content=\"Verkaufsbedingungen Freunde von Hawkkraften - Hawkraft \u2013 Overnatning i Thy t\u00e6t p\u00e5 Nationalparken\" \/>\n<meta property=\"og:description\" content=\"Oplev unik overnatning i Thy hos Hawkraft Kulturhotel \u2013 sov i autentiske hospitalsrum og nyd en kulturel oplevelse midt i Nationalpark Thy.\" \/>\n<meta property=\"og:url\" content=\"https:\/\/hawkraft.dk\/salgsbetingelser-hawkraftens-venner\/\" \/>\n<meta property=\"og:site_name\" content=\"Hawkraft \u2013 Overnatning i Thy t\u00e6t p\u00e5 Nationalparken\" \/>\n<meta property=\"article:publisher\" content=\"https:\/\/www.facebook.com\/Vestervig\" \/>\n<meta property=\"article:modified_time\" content=\"2024-10-16T11:42:29+00:00\" \/>\n<meta property=\"og:image\" content=\"https:\/\/hawkraft.dk\/wp-content\/uploads\/2023\/11\/hawkraft-naturhotel-logo-hv.png\" \/>\n\t<meta property=\"og:image:width\" content=\"2000\" \/>\n\t<meta property=\"og:image:height\" content=\"1895\" \/>\n\t<meta property=\"og:image:type\" content=\"image\/png\" \/>\n<meta name=\"twitter:card\" content=\"summary_large_image\" \/>\n<meta name=\"twitter:label1\" content=\"Gesch\u00e4tzte Lesezeit\" \/>\n\t<meta name=\"twitter:data1\" content=\"2\u00a0Minuten\" \/>\n<script type=\"application\/ld+json\" class=\"yoast-schema-graph\">{\"@context\":\"https:\\\/\\\/schema.org\",\"@graph\":[{\"@type\":\"WebPage\",\"@id\":\"https:\\\/\\\/hawkraft.dk\\\/salgsbetingelser-hawkraftens-venner\\\/\",\"url\":\"https:\\\/\\\/hawkraft.dk\\\/salgsbetingelser-hawkraftens-venner\\\/\",\"name\":\"Verkaufsbedingungen Freunde von Hawkkraften - Hawkraft \u2013 Overnatning i Thy t\u00e6t p\u00e5 Nationalparken\",\"isPartOf\":{\"@id\":\"https:\\\/\\\/hawkraft.dk\\\/#website\"},\"datePublished\":\"2024-06-19T14:02:07+00:00\",\"dateModified\":\"2024-10-16T11:42:29+00:00\",\"description\":\"Oplev unik overnatning i Thy hos Hawkraft Kulturhotel \u2013 sov i autentiske hospitalsrum og nyd en kulturel oplevelse midt i Nationalpark Thy.\",\"breadcrumb\":{\"@id\":\"https:\\\/\\\/hawkraft.dk\\\/salgsbetingelser-hawkraftens-venner\\\/#breadcrumb\"},\"inLanguage\":\"de\",\"potentialAction\":[{\"@type\":\"ReadAction\",\"target\":[\"https:\\\/\\\/hawkraft.dk\\\/salgsbetingelser-hawkraftens-venner\\\/\"]}]},{\"@type\":\"BreadcrumbList\",\"@id\":\"https:\\\/\\\/hawkraft.dk\\\/salgsbetingelser-hawkraftens-venner\\\/#breadcrumb\",\"itemListElement\":[{\"@type\":\"ListItem\",\"position\":1,\"name\":\"Hjem\",\"item\":\"https:\\\/\\\/hawkraft.dk\\\/de\\\/hawkraft-homepage\\\/\"},{\"@type\":\"ListItem\",\"position\":2,\"name\":\"Verkaufsbedingungen Freunde von Hawkkraften\"}]},{\"@type\":\"WebSite\",\"@id\":\"https:\\\/\\\/hawkraft.dk\\\/#website\",\"url\":\"https:\\\/\\\/hawkraft.dk\\\/\",\"name\":\"hawkraft.dk\",\"description\":\"Hawkraft Kulturhotel \u2013 Overnatning i Thy t\u00e6t p\u00e5 Nationalparken\",\"publisher\":{\"@id\":\"https:\\\/\\\/hawkraft.dk\\\/#organization\"},\"alternateName\":\"Hawkraft Kulturhotel \u2013 Overnatning i Thy t\u00e6t p\u00e5 Nationalparken\",\"potentialAction\":[{\"@type\":\"SearchAction\",\"target\":{\"@type\":\"EntryPoint\",\"urlTemplate\":\"https:\\\/\\\/hawkraft.dk\\\/?s={search_term_string}\"},\"query-input\":{\"@type\":\"PropertyValueSpecification\",\"valueRequired\":true,\"valueName\":\"search_term_string\"}}],\"inLanguage\":\"de\"},{\"@type\":\"Organization\",\"@id\":\"https:\\\/\\\/hawkraft.dk\\\/#organization\",\"name\":\"hawkraft Kulturhotel\",\"alternateName\":\"Hawkraft Kulturhotel \u2013 Overnatning i Thy t\u00e6t p\u00e5 Nationalparken\",\"url\":\"https:\\\/\\\/hawkraft.dk\\\/\",\"logo\":{\"@type\":\"ImageObject\",\"inLanguage\":\"de\",\"@id\":\"https:\\\/\\\/hawkraft.dk\\\/#\\\/schema\\\/logo\\\/image\\\/\",\"url\":\"https:\\\/\\\/hawkraft.dk\\\/wp-content\\\/uploads\\\/2023\\\/11\\\/hawkraft-naturhotel-logo.png\",\"contentUrl\":\"https:\\\/\\\/hawkraft.dk\\\/wp-content\\\/uploads\\\/2023\\\/11\\\/hawkraft-naturhotel-logo.png\",\"width\":2000,\"height\":1895,\"caption\":\"hawkraft Kulturhotel\"},\"image\":{\"@id\":\"https:\\\/\\\/hawkraft.dk\\\/#\\\/schema\\\/logo\\\/image\\\/\"},\"sameAs\":[\"https:\\\/\\\/www.facebook.com\\\/Vestervig\"]}]}<\/script>\n<!-- \/ Yoast SEO plugin. -->","yoast_head_json":{"title":"Verkaufsbedingungen Freunde von Hawkkraften - Hawkraft \u2013 Overnatning i Thy t\u00e6t p\u00e5 Nationalparken","description":"Oplev unik overnatning i Thy hos Hawkraft Kulturhotel \u2013 sov i autentiske hospitalsrum og nyd en kulturel oplevelse midt i Nationalpark Thy.","robots":{"index":"index","follow":"follow","max-snippet":"max-snippet:-1","max-image-preview":"max-image-preview:large","max-video-preview":"max-video-preview:-1"},"canonical":"https:\/\/hawkraft.dk\/salgsbetingelser-hawkraftens-venner\/","og_locale":"de_DE","og_type":"article","og_title":"Verkaufsbedingungen Freunde von Hawkkraften - Hawkraft \u2013 Overnatning i Thy t\u00e6t p\u00e5 Nationalparken","og_description":"Oplev unik overnatning i Thy hos Hawkraft Kulturhotel \u2013 sov i autentiske hospitalsrum og nyd en kulturel oplevelse midt i Nationalpark Thy.","og_url":"https:\/\/hawkraft.dk\/salgsbetingelser-hawkraftens-venner\/","og_site_name":"Hawkraft \u2013 Overnatning i Thy t\u00e6t p\u00e5 Nationalparken","article_publisher":"https:\/\/www.facebook.com\/Vestervig","article_modified_time":"2024-10-16T11:42:29+00:00","og_image":[{"width":2000,"height":1895,"url":"https:\/\/hawkraft.dk\/wp-content\/uploads\/2023\/11\/hawkraft-naturhotel-logo-hv.png","type":"image\/png"}],"twitter_card":"summary_large_image","twitter_misc":{"Gesch\u00e4tzte Lesezeit":"2\u00a0Minuten"},"schema":{"@context":"https:\/\/schema.org","@graph":[{"@type":"WebPage","@id":"https:\/\/hawkraft.dk\/salgsbetingelser-hawkraftens-venner\/","url":"https:\/\/hawkraft.dk\/salgsbetingelser-hawkraftens-venner\/","name":"Verkaufsbedingungen Freunde von Hawkkraften - Hawkraft \u2013 Overnatning i Thy t\u00e6t p\u00e5 Nationalparken","isPartOf":{"@id":"https:\/\/hawkraft.dk\/#website"},"datePublished":"2024-06-19T14:02:07+00:00","dateModified":"2024-10-16T11:42:29+00:00","description":"Oplev unik overnatning i Thy hos Hawkraft Kulturhotel \u2013 sov i autentiske hospitalsrum og nyd en kulturel oplevelse midt i Nationalpark Thy.","breadcrumb":{"@id":"https:\/\/hawkraft.dk\/salgsbetingelser-hawkraftens-venner\/#breadcrumb"},"inLanguage":"de","potentialAction":[{"@type":"ReadAction","target":["https:\/\/hawkraft.dk\/salgsbetingelser-hawkraftens-venner\/"]}]},{"@type":"BreadcrumbList","@id":"https:\/\/hawkraft.dk\/salgsbetingelser-hawkraftens-venner\/#breadcrumb","itemListElement":[{"@type":"ListItem","position":1,"name":"Hjem","item":"https:\/\/hawkraft.dk\/de\/hawkraft-homepage\/"},{"@type":"ListItem","position":2,"name":"Verkaufsbedingungen Freunde von Hawkkraften"}]},{"@type":"WebSite","@id":"https:\/\/hawkraft.dk\/#website","url":"https:\/\/hawkraft.dk\/","name":"hawkraft.dk","description":"Hawkraft Kulturhotel \u2013 Overnatning i Thy t\u00e6t p\u00e5 Nationalparken","publisher":{"@id":"https:\/\/hawkraft.dk\/#organization"},"alternateName":"Hawkraft Kulturhotel \u2013 Overnatning i Thy t\u00e6t p\u00e5 Nationalparken","potentialAction":[{"@type":"SearchAction","target":{"@type":"EntryPoint","urlTemplate":"https:\/\/hawkraft.dk\/?s={search_term_string}"},"query-input":{"@type":"PropertyValueSpecification","valueRequired":true,"valueName":"search_term_string"}}],"inLanguage":"de"},{"@type":"Organization","@id":"https:\/\/hawkraft.dk\/#organization","name":"hawkraft Kulturhotel","alternateName":"Hawkraft Kulturhotel \u2013 Overnatning i Thy t\u00e6t p\u00e5 Nationalparken","url":"https:\/\/hawkraft.dk\/","logo":{"@type":"ImageObject","inLanguage":"de","@id":"https:\/\/hawkraft.dk\/#\/schema\/logo\/image\/","url":"https:\/\/hawkraft.dk\/wp-content\/uploads\/2023\/11\/hawkraft-naturhotel-logo.png","contentUrl":"https:\/\/hawkraft.dk\/wp-content\/uploads\/2023\/11\/hawkraft-naturhotel-logo.png","width":2000,"height":1895,"caption":"hawkraft Kulturhotel"},"image":{"@id":"https:\/\/hawkraft.dk\/#\/schema\/logo\/image\/"},"sameAs":["https:\/\/www.facebook.com\/Vestervig"]}]}},"_links":{"self":[{"href":"https:\/\/hawkraft.dk\/de\/wp-json\/wp\/v2\/pages\/6303","targetHints":{"allow":["GET"]}}],"collection":[{"href":"https:\/\/hawkraft.dk\/de\/wp-json\/wp\/v2\/pages"}],"about":[{"href":"https:\/\/hawkraft.dk\/de\/wp-json\/wp\/v2\/types\/page"}],"author":[{"embeddable":true,"href":"https:\/\/hawkraft.dk\/de\/wp-json\/wp\/v2\/users\/2"}],"replies":[{"embeddable":true,"href":"https:\/\/hawkraft.dk\/de\/wp-json\/wp\/v2\/comments?post=6303"}],"version-history":[{"count":1,"href":"https:\/\/hawkraft.dk\/de\/wp-json\/wp\/v2\/pages\/6303\/revisions"}],"predecessor-version":[{"id":6304,"href":"https:\/\/hawkraft.dk\/de\/wp-json\/wp\/v2\/pages\/6303\/revisions\/6304"}],"wp:attachment":[{"href":"https:\/\/hawkraft.dk\/de\/wp-json\/wp\/v2\/media?parent=6303"}],"curies":[{"name":"wp","href":"https:\/\/api.w.org\/{rel}","templated":true}]}}